{"id":13,"date":"2026-03-11T15:28:55","date_gmt":"2026-03-11T15:28:55","guid":{"rendered":"https:\/\/filipino.is\/alcohol\/?post_type=product&#038;p=13"},"modified":"2026-04-12T11:30:35","modified_gmt":"2026-04-12T11:30:35","slug":"red-horse-stallion-24x330ml","status":"publish","type":"product","link":"https:\/\/filipino.is\/alcohol\/index.php\/product\/red-horse-stallion-24x330ml\/","title":{"rendered":"Red Horse Stallion 24x330ml"},"content":{"rendered":"<p>Vi\u00f0skiptavinir \u00feurfa a\u00f0 hafa n\u00e1\u00f0 20 \u00e1ra aldri til \u00feess a\u00f0 geta keypt v\u00f6rur \u00e1 www.filipino.is\/alcohol<\/p>\n<p id=\"tw-target-text\" class=\"tw-data-text tw-text-large tw-ta\" dir=\"ltr\" tabindex=\"-1\" role=\"text\" data-placeholder=\"Translation\" data-ved=\"2ahUKEwid7ZzllZiTAxVk2AIHHdeWBQwQ3ewLegQIBBAW\" aria-label=\"Translated text: Customers must be 20 years of age or older to purchase products at www.filipino.is.\"><span class=\"Y2IQFc\" lang=\"en\">Customers must be 20 years of age or older to purchase products at www.filipino.is\/alcohol<\/span><\/p>\n<p dir=\"ltr\" tabindex=\"-1\" role=\"text\" data-placeholder=\"Translation\" data-ved=\"2ahUKEwid7ZzllZiTAxVk2AIHHdeWBQwQ3ewLegQIBBAW\" aria-label=\"Translated text: Customers must be 20 years of age or older to purchase products at www.filipino.is.\">\n","protected":false},"excerpt":{"rendered":"<p>Vi\u00f0skiptavinir \u00feurfa a\u00f0 hafa n\u00e1\u00f0 20 \u00e1ra aldri til \u00feess a\u00f0 geta keypt v\u00f6rur \u00e1 www.filipino.is\/alcohol Customers must be 20 years of age or older to purchase products at www.filipino.is\/alcohol<\/p>\n","protected":false},"featured_media":14,"comment_status":"open","ping_status":"closed","template":"","meta":[],"product_brand":[],"product_cat":[20],"product_tag":[],"class_list":{"0":"post-13","1":"product","2":"type-product","3":"status-publish","4":"has-post-thumbnail","6":"product_cat-beer","8":"first","9":"outofstock","10":"taxable","11":"shipping-taxable","12":"purchasable","13":"product-type-simple"},"_links":{"self":[{"href":"https:\/\/filipino.is\/alcohol\/index.php\/wp-json\/wp\/v2\/product\/13","targetHints":{"allow":["GET"]}}],"collection":[{"href":"https:\/\/filipino.is\/alcohol\/index.php\/wp-json\/wp\/v2\/product"}],"about":[{"href":"https:\/\/filipino.is\/alcohol\/index.php\/wp-json\/wp\/v2\/types\/product"}],"replies":[{"embeddable":true,"href":"https:\/\/filipino.is\/alcohol\/index.php\/wp-json\/wp\/v2\/comments?post=13"}],"wp:featuredmedia":[{"embeddable":true,"href":"https:\/\/filipino.is\/alcohol\/index.php\/wp-json\/wp\/v2\/media\/14"}],"wp:attachment":[{"href":"https:\/\/filipino.is\/alcohol\/index.php\/wp-json\/wp\/v2\/media?parent=13"}],"wp:term":[{"taxonomy":"product_brand","embeddable":true,"href":"https:\/\/filipino.is\/alcohol\/index.php\/wp-json\/wp\/v2\/product_brand?post=13"},{"taxonomy":"product_cat","embeddable":true,"href":"https:\/\/filipino.is\/alcohol\/index.php\/wp-json\/wp\/v2\/product_cat?post=13"},{"taxonomy":"product_tag","embeddable":true,"href":"https:\/\/filipino.is\/alcohol\/index.php\/wp-json\/wp\/v2\/product_tag?post=13"}],"curies":[{"name":"wp","href":"https:\/\/api.w.org\/{rel}","templated":true}]}}