{"id":2,"date":"2026-03-11T15:21:03","date_gmt":"2026-03-11T15:21:03","guid":{"rendered":"https:\/\/filipino.is\/alcohol\/?page_id=2"},"modified":"2026-03-17T14:09:34","modified_gmt":"2026-03-17T14:09:34","slug":"sample-page","status":"publish","type":"page","link":"https:\/\/filipino.is\/alcohol\/index.php\/sample-page\/","title":{"rendered":"Skilm\u00e1lar"},"content":{"rendered":"\n<p>1. GILDISSVI\u00d0<br>\u00deessir skilm\u00e1lar gilda um s\u00f6lu \u00e1 v\u00f6rum og \u00fej\u00f3nustu Filipino Store ehf. til vi\u00f0skiptavina.<\/p>\n\n\n\n<p>2. ALDURSTAKMARK &amp; \u00d6NNUR SKILYR\u00d0I<br>Vi\u00f0skiptavinir \u00feurfa a\u00f0 hafa n\u00e1\u00f0 20 \u00e1ra aldri til \u00feess a\u00f0 geta keypt v\u00f6rur \u00e1 filipino.is. Vi\u00f0 stofnun a\u00f0gangs \u00e1 filipino.is \u00feurfa vi\u00f0skiptavinir a\u00f0 au\u00f0kenna aldur sinn me\u00f0 rafr\u00e6num skilr\u00edkjum. S\u00ed\u00f0an \u00fearf vi\u00f0skiptavinur a\u00f0 au\u00f0kenna aldur \u00e1 30 daga fresti. Vi\u00f0skiptavinir bera sj\u00e1lfir \u00e1byrg\u00f0 \u00e1 \u00fev\u00ed a\u00f0 a\u00f0gangsau\u00f0kenni komist ekki \u00ed hendur einstaklinga sem hafa ekki n\u00e1\u00f0 20 \u00e1ra aldri.<\/p>\n\n\n\n<p>3. AFHENDING<br>Allar v\u00f6rur sem Filipino Store ehf. b\u00fd\u00f0ur til s\u00f6lu \u00ed vefverslun sinni eru \u00e1 lager \u00e1 \u00cdslandi og eru afgreiddar \u00far v\u00f6ruh\u00fasinu samd\u00e6gurs e\u00f0a s\u00ed\u00f0asta lagi n\u00e6sta virka dag. Sendingarkostna\u00f0ur b\u00e6tist vi\u00f0 ver\u00f0 v\u00f6ru \u00ed lok kaupferils og \u00e1\u00f0ur en grei\u00f0sla fer fram. Ef vara reynist ekki til \u00feegar h\u00fan er p\u00f6ntu\u00f0 vegna rangrar skr\u00e1ningar \u00ed birg\u00f0ahaldi \u00fe\u00e1 munum vi\u00f0 hafa samband vi\u00f0 vi\u00f0skiptavininn og bj\u00f3\u00f0a a\u00f0ra v\u00f6ru \u00ed sta\u00f0inn e\u00f0a endurgrei\u00f0slu.<\/p>\n\n\n\n<p>4. SKILAR\u00c9TTUR<br>H\u00e6gt er a\u00f0 skila allri v\u00f6ru nema matv\u00f6ru (matur, bj\u00f3r og v\u00edn) innan 14 daga fr\u00e1 \u00fev\u00ed vi\u00f0skiptin fara fram. Vegna e\u00f0lis bj\u00f3rs, v\u00edns og annarar matv\u00f6ru sem Filipino Store ehf. selur er ekki h\u00e6gt a\u00f0 skila v\u00f6rum af \u00feessu tagi gegn nema samkv\u00e6mt s\u00e9rst\u00f6ku samkomulagi \u00feegar um er a\u00f0 r\u00e6\u00f0a kaup \u00e1 miklu magni fyrir veislur og \u00feess h\u00e1ttar.<\/p>\n\n\n\n<p>5. VER\u00d0 OG VER\u00d0BREYTINGAR <br>\u00d6ll ver\u00f0 eru gefin upp \u00ed \u00edslenskum kr\u00f3num me\u00f0 vir\u00f0isaukaskatti, \u00fdmist 11% e\u00f0a 24%.<\/p>\n\n\n\n<p>6. PERS\u00d3NUVERND<br>Filipino Store ehf.fer me\u00f0 allar uppl\u00fdsingar um vi\u00f0skiptavini sem tr\u00fana\u00f0arm\u00e1l. Filipino Store ehf. geymir ekki uppl\u00fdsingar um grei\u00f0slukort \u00fear sem vi\u00f0skiptin fara fram \u00e1 vefsv\u00e6\u00f0i Mypos.<\/p>\n\n\n\n<p>7. GREI\u00d0SLUM\u00d6GULEIKAR<br>H\u00e6gt er a\u00f0 grei\u00f0a me\u00f0 me\u00f0 \u00f6llum helstu grei\u00f0slukortum.<\/p>\n\n\n\n<p>8. VARNAR\u00deING<br>R\u00edsi \u00e1greiningur vegna \u00feessara skilm\u00e1la skal hann rekinn fyrir H\u00e9ra\u00f0sd\u00f3mi Reykjav\u00edkur.<\/p>\n\n\n\n<p>9. UPPL\u00ddSINGAR<\/p>\n\n\n\n<p>Filipino Store ehf.<\/p>\n\n\n\n<p>\u00cdslensk kennitala: 611221-2900 \u00cdslenskt vir\u00f0isaukaskattsn\u00famer: 143368<\/p>\n\n\n\n<blockquote class=\"wp-block-quote is-layout-flow wp-block-quote-is-layout-flow\">\n<p><\/p>\n<\/blockquote>\n\n\n\n<blockquote class=\"wp-block-quote is-layout-flow wp-block-quote-is-layout-flow\">\n<p><\/p>\n<\/blockquote>\n","protected":false},"excerpt":{"rendered":"<p>1. GILDISSVI\u00d0\u00deessir skilm\u00e1lar gilda um s\u00f6lu \u00e1 v\u00f6rum og \u00fej\u00f3nustu Filipino Store ehf. til vi\u00f0skiptavina. 2. ALDURSTAKMARK &amp; \u00d6NNUR SKILYR\u00d0IVi\u00f0skiptavinir \u00feurfa a\u00f0 hafa n\u00e1\u00f0 20 \u00e1ra aldri til \u00feess a\u00f0 geta keypt v\u00f6rur \u00e1 filipino.is. Vi\u00f0 stofnun a\u00f0gangs \u00e1 filipino.is \u00feurfa vi\u00f0skiptavinir a\u00f0 au\u00f0kenna aldur sinn me\u00f0 rafr\u00e6num skilr\u00edkjum. S\u00ed\u00f0an \u00fearf vi\u00f0skiptavinur a\u00f0 au\u00f0kenna aldur [&hellip;]<\/p>\n","protected":false},"author":1,"featured_media":0,"parent":0,"menu_order":0,"comment_status":"closed","ping_status":"open","template":"","meta":{"footnotes":""},"class_list":["post-2","page","type-page","status-publish","hentry"],"_links":{"self":[{"href":"https:\/\/filipino.is\/alcohol\/index.php\/wp-json\/wp\/v2\/pages\/2","targetHints":{"allow":["GET"]}}],"collection":[{"href":"https:\/\/filipino.is\/alcohol\/index.php\/wp-json\/wp\/v2\/pages"}],"about":[{"href":"https:\/\/filipino.is\/alcohol\/index.php\/wp-json\/wp\/v2\/types\/page"}],"author":[{"embeddable":true,"href":"https:\/\/filipino.is\/alcohol\/index.php\/wp-json\/wp\/v2\/users\/1"}],"replies":[{"embeddable":true,"href":"https:\/\/filipino.is\/alcohol\/index.php\/wp-json\/wp\/v2\/comments?post=2"}],"version-history":[{"count":3,"href":"https:\/\/filipino.is\/alcohol\/index.php\/wp-json\/wp\/v2\/pages\/2\/revisions"}],"predecessor-version":[{"id":67,"href":"https:\/\/filipino.is\/alcohol\/index.php\/wp-json\/wp\/v2\/pages\/2\/revisions\/67"}],"wp:attachment":[{"href":"https:\/\/filipino.is\/alcohol\/index.php\/wp-json\/wp\/v2\/media?parent=2"}],"curies":[{"name":"wp","href":"https:\/\/api.w.org\/{rel}","templated":true}]}}